{"id":112,"date":"2018-07-26T11:32:40","date_gmt":"2018-07-26T09:32:40","guid":{"rendered":"https:\/\/bibliotecarturochiari.wordpress.com\/?page_id=112"},"modified":"2018-07-26T11:32:40","modified_gmt":"2018-07-26T09:32:40","slug":"privacy","status":"publish","type":"page","link":"https:\/\/www.istitutostudisindacali.net\/biblioteca\/privacy\/","title":{"rendered":"Privacy"},"content":{"rendered":"<p>I dati personali (i \u201cDati\u201d) fornitici sono utilizzati per soddisfare le richieste da Lei, di volta in volta, formulate attraverso il sito web, a mezzo e-mail od altro strumento di comunicazione elettronica e non, nonch\u00e9 per individuare ed informarLa circa i servizi a Lei pi\u00f9 idonei tra quelli offerti dalle entit\u00e0 aderenti a &#8220;Storie &amp; Fatti&#8221;, siano essi relativi alla trasmissione di materiale informativo e di aggiornamento o inviti ad iniziative reputate di interesse.<\/p>\n<p>Responsabile del trattamento \u00e8 Giorgio Bertuzzi Campreci\u00f3s con sede in Vocabolo Madonnella, n. 15, Alviano 05020, provincia di Terni.<\/p>\n<p>L\u2019articolo 7, Codice Privacy, Le conferisce l\u2019esercizio di specifici diritti, tra cui quello di avere conoscenza dell\u2019origine dei dati nonch\u00e9 della logica, delle finalit\u00e0 e modalit\u00e0 su cui si basa il trattamento; di ottenere la cancellazione, la trasformazione in forma anonima o il blocco dei dati trattati in violazione di legge, nonch\u00e9 l\u2019aggiornamento e la rettificazione o l\u2019integrazione dei dati; di opporsi, per motivi legittimi, al trattamento stesso.<\/p>\n<p>Tali diritti potranno essere esercitati inviando una e-mail all\u2019indirizzo\u00a0<a>giorgio.bertuzzi.camprecios@gmail.com<\/a>\u00a0presso cui \u00e8 anche possibile richiedere l\u2019elenco degli ulteriori soggetti responsabili del trattamento dei dati.<\/p>\n","protected":false},"excerpt":{"rendered":"<p>I dati personali (i \u201cDati\u201d) fornitici sono utilizzati per soddisfare le richieste da Lei, di volta in volta, formulate attraverso il sito web, a mezzo e-mail od altro strumento di comunicazione elettronica e non, nonch\u00e9 per individuare ed informarLa circa i servizi a Lei pi\u00f9 idonei tra quelli offerti dalle entit\u00e0 aderenti a &#8220;Storie &amp; [&hellip;]<\/p>\n","protected":false},"author":1,"featured_media":0,"parent":0,"menu_order":0,"comment_status":"closed","ping_status":"closed","template":"","meta":{"_et_pb_use_builder":"","_et_pb_old_content":"","_et_gb_content_width":"","ngg_post_thumbnail":0,"footnotes":""},"class_list":["post-112","page","type-page","status-publish","hentry"],"yoast_head":"<!-- This site is optimized with the Yoast SEO plugin v27.4 - https:\/\/yoast.com\/product\/yoast-seo-wordpress\/ -->\n<title>Privacy - Biblioteca Nazionale UIL<\/title>\n<meta name=\"robots\" content=\"index, follow, max-snippet:-1, max-image-preview:large, max-video-preview:-1\" \/>\n<link rel=\"canonical\" href=\"https:\/\/www.istitutostudisindacali.net\/biblioteca\/privacy\/\" \/>\n<meta property=\"og:locale\" content=\"it_IT\" \/>\n<meta property=\"og:type\" content=\"article\" \/>\n<meta property=\"og:title\" content=\"Privacy - Biblioteca Nazionale UIL\" \/>\n<meta property=\"og:description\" content=\"I dati personali (i \u201cDati\u201d) fornitici sono utilizzati per soddisfare le richieste da Lei, di volta in volta, formulate attraverso il sito web, a mezzo e-mail od altro strumento di comunicazione elettronica e non, nonch\u00e9 per individuare ed informarLa circa i servizi a Lei pi\u00f9 idonei tra quelli offerti dalle entit\u00e0 aderenti a &#8220;Storie &amp; [&hellip;]\" \/>\n<meta property=\"og:url\" content=\"https:\/\/www.istitutostudisindacali.net\/biblioteca\/privacy\/\" \/>\n<meta property=\"og:site_name\" content=\"Biblioteca Nazionale UIL\" \/>\n<meta property=\"article:publisher\" content=\"https:\/\/www.facebook.com\/bibliotecauil\" \/>\n<meta name=\"twitter:card\" content=\"summary_large_image\" \/>\n<meta name=\"twitter:site\" content=\"@bibliotecaUIL\" \/>\n<meta name=\"twitter:label1\" content=\"Tempo di lettura stimato\" \/>\n\t<meta name=\"twitter:data1\" content=\"1 minuto\" \/>\n<script type=\"application\/ld+json\" class=\"yoast-schema-graph\">{\"@context\":\"https:\\\/\\\/schema.org\",\"@graph\":[{\"@type\":\"WebPage\",\"@id\":\"https:\\\/\\\/www.istitutostudisindacali.net\\\/biblioteca\\\/privacy\\\/\",\"url\":\"https:\\\/\\\/www.istitutostudisindacali.net\\\/biblioteca\\\/privacy\\\/\",\"name\":\"Privacy - Biblioteca Nazionale UIL\",\"isPartOf\":{\"@id\":\"https:\\\/\\\/www.istitutostudisindacali.net\\\/biblioteca\\\/#website\"},\"datePublished\":\"2018-07-26T09:32:40+00:00\",\"breadcrumb\":{\"@id\":\"https:\\\/\\\/www.istitutostudisindacali.net\\\/biblioteca\\\/privacy\\\/#breadcrumb\"},\"inLanguage\":\"it-IT\",\"potentialAction\":[{\"@type\":\"ReadAction\",\"target\":[\"https:\\\/\\\/www.istitutostudisindacali.net\\\/biblioteca\\\/privacy\\\/\"]}]},{\"@type\":\"BreadcrumbList\",\"@id\":\"https:\\\/\\\/www.istitutostudisindacali.net\\\/biblioteca\\\/privacy\\\/#breadcrumb\",\"itemListElement\":[{\"@type\":\"ListItem\",\"position\":1,\"name\":\"Home\",\"item\":\"https:\\\/\\\/www.istitutostudisindacali.net\\\/biblioteca\\\/\"},{\"@type\":\"ListItem\",\"position\":2,\"name\":\"Privacy\"}]},{\"@type\":\"WebSite\",\"@id\":\"https:\\\/\\\/www.istitutostudisindacali.net\\\/biblioteca\\\/#website\",\"url\":\"https:\\\/\\\/www.istitutostudisindacali.net\\\/biblioteca\\\/\",\"name\":\"Biblioteca Nazionale UIL\",\"description\":\"Arturo Chiari\",\"publisher\":{\"@id\":\"https:\\\/\\\/www.istitutostudisindacali.net\\\/biblioteca\\\/#organization\"},\"potentialAction\":[{\"@type\":\"SearchAction\",\"target\":{\"@type\":\"EntryPoint\",\"urlTemplate\":\"https:\\\/\\\/www.istitutostudisindacali.net\\\/biblioteca\\\/?s={search_term_string}\"},\"query-input\":{\"@type\":\"PropertyValueSpecification\",\"valueRequired\":true,\"valueName\":\"search_term_string\"}}],\"inLanguage\":\"it-IT\"},{\"@type\":\"Organization\",\"@id\":\"https:\\\/\\\/www.istitutostudisindacali.net\\\/biblioteca\\\/#organization\",\"name\":\"Biblioteca Nazionale UIL\",\"url\":\"https:\\\/\\\/www.istitutostudisindacali.net\\\/biblioteca\\\/\",\"logo\":{\"@type\":\"ImageObject\",\"inLanguage\":\"it-IT\",\"@id\":\"https:\\\/\\\/www.istitutostudisindacali.net\\\/biblioteca\\\/#\\\/schema\\\/logo\\\/image\\\/\",\"url\":\"https:\\\/\\\/i0.wp.com\\\/www.istitutostudisindacali.net\\\/biblioteca\\\/wp-content\\\/uploads\\\/sites\\\/2\\\/2021\\\/01\\\/cropped-logo_area_privata-1.png?fit=822%2C299&ssl=1\",\"contentUrl\":\"https:\\\/\\\/i0.wp.com\\\/www.istitutostudisindacali.net\\\/biblioteca\\\/wp-content\\\/uploads\\\/sites\\\/2\\\/2021\\\/01\\\/cropped-logo_area_privata-1.png?fit=822%2C299&ssl=1\",\"width\":822,\"height\":299,\"caption\":\"Biblioteca Nazionale UIL\"},\"image\":{\"@id\":\"https:\\\/\\\/www.istitutostudisindacali.net\\\/biblioteca\\\/#\\\/schema\\\/logo\\\/image\\\/\"},\"sameAs\":[\"https:\\\/\\\/www.facebook.com\\\/bibliotecauil\",\"https:\\\/\\\/x.com\\\/bibliotecaUIL\"]}]}<\/script>\n<!-- \/ Yoast SEO plugin. -->","yoast_head_json":{"title":"Privacy - Biblioteca Nazionale UIL","robots":{"index":"index","follow":"follow","max-snippet":"max-snippet:-1","max-image-preview":"max-image-preview:large","max-video-preview":"max-video-preview:-1"},"canonical":"https:\/\/www.istitutostudisindacali.net\/biblioteca\/privacy\/","og_locale":"it_IT","og_type":"article","og_title":"Privacy - Biblioteca Nazionale UIL","og_description":"I dati personali (i \u201cDati\u201d) fornitici sono utilizzati per soddisfare le richieste da Lei, di volta in volta, formulate attraverso il sito web, a mezzo e-mail od altro strumento di comunicazione elettronica e non, nonch\u00e9 per individuare ed informarLa circa i servizi a Lei pi\u00f9 idonei tra quelli offerti dalle entit\u00e0 aderenti a &#8220;Storie &amp; [&hellip;]","og_url":"https:\/\/www.istitutostudisindacali.net\/biblioteca\/privacy\/","og_site_name":"Biblioteca Nazionale UIL","article_publisher":"https:\/\/www.facebook.com\/bibliotecauil","twitter_card":"summary_large_image","twitter_site":"@bibliotecaUIL","twitter_misc":{"Tempo di lettura stimato":"1 minuto"},"schema":{"@context":"https:\/\/schema.org","@graph":[{"@type":"WebPage","@id":"https:\/\/www.istitutostudisindacali.net\/biblioteca\/privacy\/","url":"https:\/\/www.istitutostudisindacali.net\/biblioteca\/privacy\/","name":"Privacy - Biblioteca Nazionale UIL","isPartOf":{"@id":"https:\/\/www.istitutostudisindacali.net\/biblioteca\/#website"},"datePublished":"2018-07-26T09:32:40+00:00","breadcrumb":{"@id":"https:\/\/www.istitutostudisindacali.net\/biblioteca\/privacy\/#breadcrumb"},"inLanguage":"it-IT","potentialAction":[{"@type":"ReadAction","target":["https:\/\/www.istitutostudisindacali.net\/biblioteca\/privacy\/"]}]},{"@type":"BreadcrumbList","@id":"https:\/\/www.istitutostudisindacali.net\/biblioteca\/privacy\/#breadcrumb","itemListElement":[{"@type":"ListItem","position":1,"name":"Home","item":"https:\/\/www.istitutostudisindacali.net\/biblioteca\/"},{"@type":"ListItem","position":2,"name":"Privacy"}]},{"@type":"WebSite","@id":"https:\/\/www.istitutostudisindacali.net\/biblioteca\/#website","url":"https:\/\/www.istitutostudisindacali.net\/biblioteca\/","name":"Biblioteca Nazionale UIL","description":"Arturo Chiari","publisher":{"@id":"https:\/\/www.istitutostudisindacali.net\/biblioteca\/#organization"},"potentialAction":[{"@type":"SearchAction","target":{"@type":"EntryPoint","urlTemplate":"https:\/\/www.istitutostudisindacali.net\/biblioteca\/?s={search_term_string}"},"query-input":{"@type":"PropertyValueSpecification","valueRequired":true,"valueName":"search_term_string"}}],"inLanguage":"it-IT"},{"@type":"Organization","@id":"https:\/\/www.istitutostudisindacali.net\/biblioteca\/#organization","name":"Biblioteca Nazionale UIL","url":"https:\/\/www.istitutostudisindacali.net\/biblioteca\/","logo":{"@type":"ImageObject","inLanguage":"it-IT","@id":"https:\/\/www.istitutostudisindacali.net\/biblioteca\/#\/schema\/logo\/image\/","url":"https:\/\/i0.wp.com\/www.istitutostudisindacali.net\/biblioteca\/wp-content\/uploads\/sites\/2\/2021\/01\/cropped-logo_area_privata-1.png?fit=822%2C299&ssl=1","contentUrl":"https:\/\/i0.wp.com\/www.istitutostudisindacali.net\/biblioteca\/wp-content\/uploads\/sites\/2\/2021\/01\/cropped-logo_area_privata-1.png?fit=822%2C299&ssl=1","width":822,"height":299,"caption":"Biblioteca Nazionale UIL"},"image":{"@id":"https:\/\/www.istitutostudisindacali.net\/biblioteca\/#\/schema\/logo\/image\/"},"sameAs":["https:\/\/www.facebook.com\/bibliotecauil","https:\/\/x.com\/bibliotecaUIL"]}]}},"jetpack_shortlink":"https:\/\/wp.me\/PcIfPx-1O","jetpack_sharing_enabled":true,"_links":{"self":[{"href":"https:\/\/www.istitutostudisindacali.net\/biblioteca\/wp-json\/wp\/v2\/pages\/112","targetHints":{"allow":["GET"]}}],"collection":[{"href":"https:\/\/www.istitutostudisindacali.net\/biblioteca\/wp-json\/wp\/v2\/pages"}],"about":[{"href":"https:\/\/www.istitutostudisindacali.net\/biblioteca\/wp-json\/wp\/v2\/types\/page"}],"author":[{"embeddable":true,"href":"https:\/\/www.istitutostudisindacali.net\/biblioteca\/wp-json\/wp\/v2\/users\/1"}],"replies":[{"embeddable":true,"href":"https:\/\/www.istitutostudisindacali.net\/biblioteca\/wp-json\/wp\/v2\/comments?post=112"}],"version-history":[{"count":0,"href":"https:\/\/www.istitutostudisindacali.net\/biblioteca\/wp-json\/wp\/v2\/pages\/112\/revisions"}],"wp:attachment":[{"href":"https:\/\/www.istitutostudisindacali.net\/biblioteca\/wp-json\/wp\/v2\/media?parent=112"}],"curies":[{"name":"wp","href":"https:\/\/api.w.org\/{rel}","templated":true}]}}